{"id":65,"date":"2023-08-30T16:10:03","date_gmt":"2023-08-30T16:10:03","guid":{"rendered":"https:\/\/marenundjan.de\/?page_id=65"},"modified":"2023-09-15T11:53:59","modified_gmt":"2023-09-15T11:53:59","slug":"leistungen","status":"publish","type":"page","link":"https:\/\/marenundjan.de\/?page_id=65","title":{"rendered":"Leistungen"},"content":{"rendered":"\n<div class=\"wp-block-group alignfull is-layout-constrained wp-container-core-group-is-layout-2 wp-block-group-is-layout-constrained\" style=\"margin-top:0px;margin-bottom:0px;padding-top:64px;padding-bottom:64px\">\n<div class=\"wp-block-group alignwide is-layout-flow wp-container-core-group-is-layout-1 wp-block-group-is-layout-flow\">\n<p class=\"has-text-align-center has-medium-font-size\">Wir bieten eine, individuell auf dein Event angepasste, Performance mit deutsch-, englisch- und franz\u00f6sischsprachigen Songs.<br>Dabei beraten wir gerne \u00fcber die bestm\u00f6gliche zeitliche Platzierung, um die Veranstaltung unvergesslich zu machen!<br>Auf Wunsch spielen wir nat\u00fcrlich auch euren Lieblingssong!<\/p>\n\n\n\n<hr class=\"wp-block-separator has-text-color has-custom-5-color has-alpha-channel-opacity has-custom-5-background-color has-background\"\/>\n\n\n\n<div class=\"wp-block-columns is-layout-flex wp-container-core-columns-is-layout-1 wp-block-columns-is-layout-flex\">\n<div class=\"wp-block-column is-vertically-aligned-top has-raft-bg-alt-background-color has-background is-layout-flow wp-block-column-is-layout-flow\" style=\"padding-top:24px;padding-right:24px;padding-bottom:24px;padding-left:24px\">\n<figure class=\"wp-block-image size-large is-resized is-style-rounded\"><img loading=\"lazy\" decoding=\"async\" src=\"http:\/\/marenundjan.de\/wp-content\/uploads\/2023\/08\/pexels-brett-sayles-992734-edited-1024x1024.jpg\" alt=\"\" class=\"wp-image-86\" style=\"width:150px;height:150px\" width=\"150\" height=\"150\" srcset=\"https:\/\/marenundjan.de\/wp-content\/uploads\/2023\/08\/pexels-brett-sayles-992734-edited-1024x1024.jpg 1024w, https:\/\/marenundjan.de\/wp-content\/uploads\/2023\/08\/pexels-brett-sayles-992734-edited-300x300.jpg 300w, https:\/\/marenundjan.de\/wp-content\/uploads\/2023\/08\/pexels-brett-sayles-992734-edited-150x150.jpg 150w, https:\/\/marenundjan.de\/wp-content\/uploads\/2023\/08\/pexels-brett-sayles-992734-edited-768x768.jpg 768w, https:\/\/marenundjan.de\/wp-content\/uploads\/2023\/08\/pexels-brett-sayles-992734-edited-1536x1536.jpg 1536w\" sizes=\"auto, (max-width: 150px) 100vw, 150px\" \/><\/figure>\n\n\n\n<h2 class=\"wp-block-heading has-medium-font-size\">Hochzeitsfeiern<\/h2>\n\n\n\n<p>Wir spielen f\u00fcr dich an eurem besonderen Tag f\u00fcr die individuelle und pers\u00f6nliche Note.<br>Untermalt euren besonderen Moment mit euren Lieblingssong und macht ihn einmalig.<br>Auf Wunsch bieten wir eine Audioaufnahme, um die Erinnerung unvergesslich zu machen.<\/p>\n<\/div>\n\n\n\n<div class=\"wp-block-column is-vertically-aligned-top has-raft-bg-alt-background-color has-background is-layout-flow wp-block-column-is-layout-flow\" style=\"padding-top:24px;padding-right:24px;padding-bottom:24px;padding-left:24px\">\n<figure class=\"wp-block-image size-large is-resized is-style-rounded\"><img loading=\"lazy\" decoding=\"async\" src=\"https:\/\/marenundjan.de\/wp-content\/uploads\/2023\/08\/pexels-nataliya-vaitkevich-4691388-edited-scaled.jpg\" alt=\"\" class=\"wp-image-87\" style=\"width:150px;height:150px\" width=\"150\" height=\"150\" srcset=\"https:\/\/marenundjan.de\/wp-content\/uploads\/2023\/08\/pexels-nataliya-vaitkevich-4691388-edited-scaled.jpg 2560w, https:\/\/marenundjan.de\/wp-content\/uploads\/2023\/08\/pexels-nataliya-vaitkevich-4691388-edited-300x300.jpg 300w, https:\/\/marenundjan.de\/wp-content\/uploads\/2023\/08\/pexels-nataliya-vaitkevich-4691388-edited-1024x1024.jpg 1024w, https:\/\/marenundjan.de\/wp-content\/uploads\/2023\/08\/pexels-nataliya-vaitkevich-4691388-edited-150x150.jpg 150w, https:\/\/marenundjan.de\/wp-content\/uploads\/2023\/08\/pexels-nataliya-vaitkevich-4691388-edited-768x768.jpg 768w, https:\/\/marenundjan.de\/wp-content\/uploads\/2023\/08\/pexels-nataliya-vaitkevich-4691388-edited-1536x1536.jpg 1536w, https:\/\/marenundjan.de\/wp-content\/uploads\/2023\/08\/pexels-nataliya-vaitkevich-4691388-edited-2048x2048.jpg 2048w\" sizes=\"auto, (max-width: 150px) 100vw, 150px\" \/><\/figure>\n\n\n\n<h2 class=\"wp-block-heading has-medium-font-size\">Private Feiern<\/h2>\n\n\n\n<p>Ob Geburtstag, Gartenparty, Wohnzimmerkonzert, Taufe oder Beerdigung, wir finden eine individuelle Songauswahl, um den Moment besonders zu machen.<br>Auch hier bieten wir Audioaufnahmen, damit der Moment in Erinnerung bleibt.<\/p>\n<\/div>\n\n\n\n<div class=\"wp-block-column is-vertically-aligned-top has-raft-bg-alt-background-color has-background is-layout-flow wp-block-column-is-layout-flow\" style=\"padding-top:24px;padding-right:24px;padding-bottom:24px;padding-left:24px\">\n<figure class=\"wp-block-image size-large is-resized is-style-rounded\"><img loading=\"lazy\" decoding=\"async\" src=\"https:\/\/marenundjan.de\/wp-content\/uploads\/2023\/08\/pexels-irina-iriser-943905-edited-scaled.jpg\" alt=\"\" class=\"wp-image-88\" style=\"width:150px;height:150px\" width=\"150\" height=\"150\" srcset=\"https:\/\/marenundjan.de\/wp-content\/uploads\/2023\/08\/pexels-irina-iriser-943905-edited-scaled.jpg 2560w, https:\/\/marenundjan.de\/wp-content\/uploads\/2023\/08\/pexels-irina-iriser-943905-edited-300x300.jpg 300w, https:\/\/marenundjan.de\/wp-content\/uploads\/2023\/08\/pexels-irina-iriser-943905-edited-1024x1024.jpg 1024w, https:\/\/marenundjan.de\/wp-content\/uploads\/2023\/08\/pexels-irina-iriser-943905-edited-150x150.jpg 150w, https:\/\/marenundjan.de\/wp-content\/uploads\/2023\/08\/pexels-irina-iriser-943905-edited-768x768.jpg 768w, https:\/\/marenundjan.de\/wp-content\/uploads\/2023\/08\/pexels-irina-iriser-943905-edited-1536x1536.jpg 1536w, https:\/\/marenundjan.de\/wp-content\/uploads\/2023\/08\/pexels-irina-iriser-943905-edited-2048x2048.jpg 2048w\" sizes=\"auto, (max-width: 150px) 100vw, 150px\" \/><\/figure>\n\n\n\n<h2 class=\"wp-block-heading has-medium-font-size\">Firmenevents<\/h2>\n\n\n\n<p>Wir spielen f\u00fcr euch, wenn ihr eure Sommerfeste, Kundenevents o.a. mit Live-Auftritten aufwerten m\u00f6chtet.<br>Ob als Akt des Abends oder musikalischer Rahmen des Programms. Wir finden mit euch den passenden Weg.<\/p>\n<\/div>\n<\/div>\n\n\n\n<div style=\"height:64px\" aria-hidden=\"true\" class=\"wp-block-spacer\"><\/div>\n\n\n\n<p class=\"has-text-align-center has-normal-font-size\">F\u00fcr einen Eindruck, schaut gerne in unsere Repertoire-Liste:<\/p>\n\n\n\n<div class=\"wp-block-file aligncenter has-link-color wp-elements-32b30198f59cdd836ff6e23beb74883c\"><a id=\"wp-block-file--media-19fb2e52-604c-4a5e-845d-8c5121d3859a\" href=\"https:\/\/marenundjan.de\/wp-content\/uploads\/2023\/09\/Repertoire-1.pdf\" target=\"_blank\" rel=\"noreferrer noopener\">Repertoire<\/a><\/div>\n\n\n\n<hr class=\"wp-block-separator has-text-color has-custom-5-color has-alpha-channel-opacity has-custom-5-background-color has-background\"\/>\n\n\n\n<div class=\"wp-block-buttons is-content-justification-center is-layout-flex wp-container-core-buttons-is-layout-1 wp-block-buttons-is-layout-flex\">\n<div class=\"wp-block-button is-style-outline is-style-outline--1\"><a class=\"wp-block-button__link wp-element-button\" href=\"https:\/\/marenundjan.de\/?page_id=23\">Jetzt Kontakt aufnehmen<\/a><\/div>\n<\/div>\n<\/div>\n<\/div>\n","protected":false},"excerpt":{"rendered":"<p>Wir bieten eine, individuell auf dein Event angepasste, Performance mit deutsch-, englisch- und franz\u00f6sischsprachigen Songs.Dabei beraten wir gerne \u00fcber die bestm\u00f6gliche zeitliche Platzierung, um die Veranstaltung unvergesslich zu machen!Auf Wunsch spielen wir nat\u00fcrlich auch euren Lieblingssong! Hochzeitsfeiern Wir spielen f\u00fcr dich an eurem besonderen Tag f\u00fcr die individuelle und pers\u00f6nliche Note.Untermalt euren besonderen Moment mit [&hellip;]<\/p>\n","protected":false},"author":1,"featured_media":0,"parent":0,"menu_order":0,"comment_status":"closed","ping_status":"closed","template":"","meta":{"footnotes":""},"class_list":["post-65","page","type-page","status-publish","hentry"],"yoast_head":"<!-- This site is optimized with the Yoast SEO plugin v21.2 - https:\/\/yoast.com\/wordpress\/plugins\/seo\/ -->\n<title>Leistungen - Maren &amp; Jan Teichmann<\/title>\n<meta name=\"robots\" content=\"index, follow, max-snippet:-1, max-image-preview:large, max-video-preview:-1\" \/>\n<link rel=\"canonical\" href=\"https:\/\/marenundjan.de\/?page_id=65\" \/>\n<meta property=\"og:locale\" content=\"de_DE\" \/>\n<meta property=\"og:type\" content=\"article\" \/>\n<meta property=\"og:title\" content=\"Leistungen - Maren &amp; Jan Teichmann\" \/>\n<meta property=\"og:description\" content=\"Wir bieten eine, individuell auf dein Event angepasste, Performance mit deutsch-, englisch- und franz\u00f6sischsprachigen Songs.Dabei beraten wir gerne \u00fcber die bestm\u00f6gliche zeitliche Platzierung, um die Veranstaltung unvergesslich zu machen!Auf Wunsch spielen wir nat\u00fcrlich auch euren Lieblingssong! Hochzeitsfeiern Wir spielen f\u00fcr dich an eurem besonderen Tag f\u00fcr die individuelle und pers\u00f6nliche Note.Untermalt euren besonderen Moment mit [&hellip;]\" \/>\n<meta property=\"og:url\" content=\"https:\/\/marenundjan.de\/?page_id=65\" \/>\n<meta property=\"og:site_name\" content=\"Maren &amp; Jan Teichmann\" \/>\n<meta property=\"article:modified_time\" content=\"2023-09-15T11:53:59+00:00\" \/>\n<meta property=\"og:image\" content=\"http:\/\/marenundjan.de\/wp-content\/uploads\/2023\/08\/pexels-brett-sayles-992734-edited-1024x1024.jpg\" \/>\n<meta name=\"twitter:card\" content=\"summary_large_image\" \/>\n<meta name=\"twitter:label1\" content=\"Gesch\u00e4tzte Lesezeit\" \/>\n\t<meta name=\"twitter:data1\" content=\"1\u00a0Minute\" \/>\n<script type=\"application\/ld+json\" class=\"yoast-schema-graph\">{\"@context\":\"https:\/\/schema.org\",\"@graph\":[{\"@type\":\"WebPage\",\"@id\":\"https:\/\/marenundjan.de\/?page_id=65\",\"url\":\"https:\/\/marenundjan.de\/?page_id=65\",\"name\":\"Leistungen - Maren &amp; Jan Teichmann\",\"isPartOf\":{\"@id\":\"https:\/\/marenundjan.de\/#website\"},\"datePublished\":\"2023-08-30T16:10:03+00:00\",\"dateModified\":\"2023-09-15T11:53:59+00:00\",\"breadcrumb\":{\"@id\":\"https:\/\/marenundjan.de\/?page_id=65#breadcrumb\"},\"inLanguage\":\"de\",\"potentialAction\":[{\"@type\":\"ReadAction\",\"target\":[\"https:\/\/marenundjan.de\/?page_id=65\"]}]},{\"@type\":\"BreadcrumbList\",\"@id\":\"https:\/\/marenundjan.de\/?page_id=65#breadcrumb\",\"itemListElement\":[{\"@type\":\"ListItem\",\"position\":1,\"name\":\"Startseite\",\"item\":\"https:\/\/marenundjan.de\/\"},{\"@type\":\"ListItem\",\"position\":2,\"name\":\"Leistungen\"}]},{\"@type\":\"WebSite\",\"@id\":\"https:\/\/marenundjan.de\/#website\",\"url\":\"https:\/\/marenundjan.de\/\",\"name\":\"Maren &amp; Jan Teichmann\",\"description\":\"Musik f\u00fcr dein Event!\",\"potentialAction\":[{\"@type\":\"SearchAction\",\"target\":{\"@type\":\"EntryPoint\",\"urlTemplate\":\"https:\/\/marenundjan.de\/?s={search_term_string}\"},\"query-input\":\"required name=search_term_string\"}],\"inLanguage\":\"de\"}]}<\/script>\n<!-- \/ Yoast SEO plugin. -->","yoast_head_json":{"title":"Leistungen - Maren &amp; Jan Teichmann","robots":{"index":"index","follow":"follow","max-snippet":"max-snippet:-1","max-image-preview":"max-image-preview:large","max-video-preview":"max-video-preview:-1"},"canonical":"https:\/\/marenundjan.de\/?page_id=65","og_locale":"de_DE","og_type":"article","og_title":"Leistungen - Maren &amp; Jan Teichmann","og_description":"Wir bieten eine, individuell auf dein Event angepasste, Performance mit deutsch-, englisch- und franz\u00f6sischsprachigen Songs.Dabei beraten wir gerne \u00fcber die bestm\u00f6gliche zeitliche Platzierung, um die Veranstaltung unvergesslich zu machen!Auf Wunsch spielen wir nat\u00fcrlich auch euren Lieblingssong! Hochzeitsfeiern Wir spielen f\u00fcr dich an eurem besonderen Tag f\u00fcr die individuelle und pers\u00f6nliche Note.Untermalt euren besonderen Moment mit [&hellip;]","og_url":"https:\/\/marenundjan.de\/?page_id=65","og_site_name":"Maren &amp; Jan Teichmann","article_modified_time":"2023-09-15T11:53:59+00:00","og_image":[{"url":"http:\/\/marenundjan.de\/wp-content\/uploads\/2023\/08\/pexels-brett-sayles-992734-edited-1024x1024.jpg"}],"twitter_card":"summary_large_image","twitter_misc":{"Gesch\u00e4tzte Lesezeit":"1\u00a0Minute"},"schema":{"@context":"https:\/\/schema.org","@graph":[{"@type":"WebPage","@id":"https:\/\/marenundjan.de\/?page_id=65","url":"https:\/\/marenundjan.de\/?page_id=65","name":"Leistungen - Maren &amp; Jan Teichmann","isPartOf":{"@id":"https:\/\/marenundjan.de\/#website"},"datePublished":"2023-08-30T16:10:03+00:00","dateModified":"2023-09-15T11:53:59+00:00","breadcrumb":{"@id":"https:\/\/marenundjan.de\/?page_id=65#breadcrumb"},"inLanguage":"de","potentialAction":[{"@type":"ReadAction","target":["https:\/\/marenundjan.de\/?page_id=65"]}]},{"@type":"BreadcrumbList","@id":"https:\/\/marenundjan.de\/?page_id=65#breadcrumb","itemListElement":[{"@type":"ListItem","position":1,"name":"Startseite","item":"https:\/\/marenundjan.de\/"},{"@type":"ListItem","position":2,"name":"Leistungen"}]},{"@type":"WebSite","@id":"https:\/\/marenundjan.de\/#website","url":"https:\/\/marenundjan.de\/","name":"Maren &amp; Jan Teichmann","description":"Musik f\u00fcr dein Event!","potentialAction":[{"@type":"SearchAction","target":{"@type":"EntryPoint","urlTemplate":"https:\/\/marenundjan.de\/?s={search_term_string}"},"query-input":"required name=search_term_string"}],"inLanguage":"de"}]}},"_links":{"self":[{"href":"https:\/\/marenundjan.de\/index.php?rest_route=\/wp\/v2\/pages\/65","targetHints":{"allow":["GET"]}}],"collection":[{"href":"https:\/\/marenundjan.de\/index.php?rest_route=\/wp\/v2\/pages"}],"about":[{"href":"https:\/\/marenundjan.de\/index.php?rest_route=\/wp\/v2\/types\/page"}],"author":[{"embeddable":true,"href":"https:\/\/marenundjan.de\/index.php?rest_route=\/wp\/v2\/users\/1"}],"replies":[{"embeddable":true,"href":"https:\/\/marenundjan.de\/index.php?rest_route=%2Fwp%2Fv2%2Fcomments&post=65"}],"version-history":[{"count":4,"href":"https:\/\/marenundjan.de\/index.php?rest_route=\/wp\/v2\/pages\/65\/revisions"}],"predecessor-version":[{"id":147,"href":"https:\/\/marenundjan.de\/index.php?rest_route=\/wp\/v2\/pages\/65\/revisions\/147"}],"wp:attachment":[{"href":"https:\/\/marenundjan.de\/index.php?rest_route=%2Fwp%2Fv2%2Fmedia&parent=65"}],"curies":[{"name":"wp","href":"https:\/\/api.w.org\/{rel}","templated":true}]}}