{"id":14,"date":"2023-08-30T16:10:12","date_gmt":"2023-08-30T16:10:12","guid":{"rendered":"https:\/\/marenundjan.de\/?page_id=14"},"modified":"2023-09-01T17:22:33","modified_gmt":"2023-09-01T17:22:33","slug":"ueber-uns","status":"publish","type":"page","link":"https:\/\/marenundjan.de\/?page_id=14","title":{"rendered":"\u00dcber Uns"},"content":{"rendered":"\n<div class=\"wp-block-group alignfull is-layout-constrained wp-block-group-is-layout-constrained\" style=\"margin-top:0px;margin-bottom:0px;padding-top:64px;padding-bottom:64px\">\n<div class=\"wp-block-group alignwide is-layout-flow wp-block-group-is-layout-flow\">\n<div class=\"wp-block-columns are-vertically-aligned-center has-raft-bg-alt-background-color has-background is-layout-flex wp-container-core-columns-is-layout-1 wp-block-columns-is-layout-flex\" style=\"padding-top:0px;padding-right:0px;padding-bottom:0px;padding-left:0px\">\n<div class=\"wp-block-column is-vertically-aligned-center is-layout-flow wp-block-column-is-layout-flow\" style=\"flex-basis:33%\">\n<figure class=\"wp-block-image size-large\"><img loading=\"lazy\" decoding=\"async\" width=\"647\" height=\"1024\" src=\"http:\/\/marenundjan.de\/wp-content\/uploads\/2023\/08\/DSC_4958-647x1024.jpg\" alt=\"\" class=\"wp-image-41\" srcset=\"https:\/\/marenundjan.de\/wp-content\/uploads\/2023\/08\/DSC_4958-647x1024.jpg 647w, https:\/\/marenundjan.de\/wp-content\/uploads\/2023\/08\/DSC_4958-189x300.jpg 189w, https:\/\/marenundjan.de\/wp-content\/uploads\/2023\/08\/DSC_4958-768x1216.jpg 768w, https:\/\/marenundjan.de\/wp-content\/uploads\/2023\/08\/DSC_4958-970x1536.jpg 970w, https:\/\/marenundjan.de\/wp-content\/uploads\/2023\/08\/DSC_4958-1294x2048.jpg 1294w, https:\/\/marenundjan.de\/wp-content\/uploads\/2023\/08\/DSC_4958-scaled.jpg 1617w\" sizes=\"auto, (max-width: 647px) 100vw, 647px\" \/><\/figure>\n<\/div>\n\n\n\n<div class=\"wp-block-column is-vertically-aligned-center is-layout-flow wp-block-column-is-layout-flow\" style=\"padding-top:24px;padding-right:24px;padding-bottom:24px;padding-left:24px\">\n<h3 class=\"wp-block-heading has-medium-font-size\">Maren Teichmann<\/h3>\n\n\n\n<p>Schon mit f\u00fcnf Jahren begann meine musikalische Reise. <br>Von Blockfl\u00f6te ging es \u00fcber in Klarinette, Saxofon, Querfl\u00f6te und Klavier &#8211; bis ich in fr\u00fcher Jugend meine Liebe zum Gesang entdeckte.<br>Seitdem sang und spielte ich in den verschiedensten Band- und Ensemble-Kombinationen und sammelte Erfahrungen in Genres von Oper und Operette bis hin zu Jazz, Reggae und Pop\/Rock.<br>Nach dem Abitur zog es mich nach Hamburg um die Ausbildung zur Musicaldarstellerin zu absolvieren. Seitdem stand ich in unterschiedlichen Musicals in mehr als 200 Shows auf der B\u00fchne. <br><\/p>\n<\/div>\n<\/div>\n\n\n\n<div class=\"wp-block-columns are-vertically-aligned-center has-raft-bg-alt-background-color has-background is-layout-flex wp-container-core-columns-is-layout-2 wp-block-columns-is-layout-flex\" style=\"padding-top:0px;padding-right:0px;padding-bottom:0px;padding-left:0px\">\n<div class=\"wp-block-column is-vertically-aligned-center is-layout-flow wp-block-column-is-layout-flow\" style=\"flex-basis:33%\">\n<figure class=\"wp-block-image size-large\"><img loading=\"lazy\" decoding=\"async\" width=\"683\" height=\"1024\" src=\"http:\/\/marenundjan.de\/wp-content\/uploads\/2023\/08\/DSC_3928-683x1024.jpg\" alt=\"\" class=\"wp-image-49\" srcset=\"https:\/\/marenundjan.de\/wp-content\/uploads\/2023\/08\/DSC_3928-683x1024.jpg 683w, https:\/\/marenundjan.de\/wp-content\/uploads\/2023\/08\/DSC_3928-200x300.jpg 200w, https:\/\/marenundjan.de\/wp-content\/uploads\/2023\/08\/DSC_3928-768x1152.jpg 768w, https:\/\/marenundjan.de\/wp-content\/uploads\/2023\/08\/DSC_3928-1024x1536.jpg 1024w, https:\/\/marenundjan.de\/wp-content\/uploads\/2023\/08\/DSC_3928-1365x2048.jpg 1365w, https:\/\/marenundjan.de\/wp-content\/uploads\/2023\/08\/DSC_3928-scaled.jpg 1707w\" sizes=\"auto, (max-width: 683px) 100vw, 683px\" \/><\/figure>\n<\/div>\n\n\n\n<div class=\"wp-block-column is-vertically-aligned-center is-layout-flow wp-block-column-is-layout-flow\" style=\"padding-top:24px;padding-right:24px;padding-bottom:24px;padding-left:24px\">\n<h3 class=\"wp-block-heading has-medium-font-size\">Jan Teichmann<\/h3>\n\n\n\n<p>Auch ich habe schon fr\u00fch mit der Musik begonnen. Mit sieben Jahren hatte ich das erste mal eine Gitarre in der Hand und habe sie seitdem nicht weggelegt. Neben Live spielen besch\u00e4ftige ich mich viel mit Musik-Produktion von Pop \u00fcber HipHop bis Afrobeat. Hauptsache die Emotionen stimmen!<\/p>\n<\/div>\n<\/div>\n<\/div>\n<\/div>\n","protected":false},"excerpt":{"rendered":"<p>Maren Teichmann Schon mit f\u00fcnf Jahren begann meine musikalische Reise. Von Blockfl\u00f6te ging es \u00fcber in Klarinette, Saxofon, Querfl\u00f6te und Klavier &#8211; bis ich in fr\u00fcher Jugend meine Liebe zum Gesang entdeckte.Seitdem sang und spielte ich in den verschiedensten Band- und Ensemble-Kombinationen und sammelte Erfahrungen in Genres von Oper und Operette bis hin zu Jazz, [&hellip;]<\/p>\n","protected":false},"author":1,"featured_media":0,"parent":0,"menu_order":0,"comment_status":"closed","ping_status":"closed","template":"","meta":{"footnotes":""},"class_list":["post-14","page","type-page","status-publish","hentry"],"yoast_head":"<!-- This site is optimized with the Yoast SEO plugin v21.2 - https:\/\/yoast.com\/wordpress\/plugins\/seo\/ -->\n<title>\u00dcber Uns - Maren &amp; Jan Teichmann<\/title>\n<meta name=\"robots\" content=\"index, follow, max-snippet:-1, max-image-preview:large, max-video-preview:-1\" \/>\n<link rel=\"canonical\" href=\"https:\/\/marenundjan.de\/?page_id=14\" \/>\n<meta property=\"og:locale\" content=\"de_DE\" \/>\n<meta property=\"og:type\" content=\"article\" \/>\n<meta property=\"og:title\" content=\"\u00dcber Uns - Maren &amp; Jan Teichmann\" \/>\n<meta property=\"og:description\" content=\"Maren Teichmann Schon mit f\u00fcnf Jahren begann meine musikalische Reise. Von Blockfl\u00f6te ging es \u00fcber in Klarinette, Saxofon, Querfl\u00f6te und Klavier &#8211; bis ich in fr\u00fcher Jugend meine Liebe zum Gesang entdeckte.Seitdem sang und spielte ich in den verschiedensten Band- und Ensemble-Kombinationen und sammelte Erfahrungen in Genres von Oper und Operette bis hin zu Jazz, [&hellip;]\" \/>\n<meta property=\"og:url\" content=\"https:\/\/marenundjan.de\/?page_id=14\" \/>\n<meta property=\"og:site_name\" content=\"Maren &amp; Jan Teichmann\" \/>\n<meta property=\"article:modified_time\" content=\"2023-09-01T17:22:33+00:00\" \/>\n<meta property=\"og:image\" content=\"http:\/\/marenundjan.de\/wp-content\/uploads\/2023\/08\/DSC_4958-647x1024.jpg\" \/>\n<meta name=\"twitter:card\" content=\"summary_large_image\" \/>\n<meta name=\"twitter:label1\" content=\"Gesch\u00e4tzte Lesezeit\" \/>\n\t<meta name=\"twitter:data1\" content=\"1\u00a0Minute\" \/>\n<script type=\"application\/ld+json\" class=\"yoast-schema-graph\">{\"@context\":\"https:\/\/schema.org\",\"@graph\":[{\"@type\":\"WebPage\",\"@id\":\"https:\/\/marenundjan.de\/?page_id=14\",\"url\":\"https:\/\/marenundjan.de\/?page_id=14\",\"name\":\"\u00dcber Uns - Maren &amp; Jan Teichmann\",\"isPartOf\":{\"@id\":\"https:\/\/marenundjan.de\/#website\"},\"datePublished\":\"2023-08-30T16:10:12+00:00\",\"dateModified\":\"2023-09-01T17:22:33+00:00\",\"breadcrumb\":{\"@id\":\"https:\/\/marenundjan.de\/?page_id=14#breadcrumb\"},\"inLanguage\":\"de\",\"potentialAction\":[{\"@type\":\"ReadAction\",\"target\":[\"https:\/\/marenundjan.de\/?page_id=14\"]}]},{\"@type\":\"BreadcrumbList\",\"@id\":\"https:\/\/marenundjan.de\/?page_id=14#breadcrumb\",\"itemListElement\":[{\"@type\":\"ListItem\",\"position\":1,\"name\":\"Startseite\",\"item\":\"https:\/\/marenundjan.de\/\"},{\"@type\":\"ListItem\",\"position\":2,\"name\":\"\u00dcber Uns\"}]},{\"@type\":\"WebSite\",\"@id\":\"https:\/\/marenundjan.de\/#website\",\"url\":\"https:\/\/marenundjan.de\/\",\"name\":\"Maren &amp; Jan Teichmann\",\"description\":\"Musik f\u00fcr dein Event!\",\"potentialAction\":[{\"@type\":\"SearchAction\",\"target\":{\"@type\":\"EntryPoint\",\"urlTemplate\":\"https:\/\/marenundjan.de\/?s={search_term_string}\"},\"query-input\":\"required name=search_term_string\"}],\"inLanguage\":\"de\"}]}<\/script>\n<!-- \/ Yoast SEO plugin. -->","yoast_head_json":{"title":"\u00dcber Uns - Maren &amp; Jan Teichmann","robots":{"index":"index","follow":"follow","max-snippet":"max-snippet:-1","max-image-preview":"max-image-preview:large","max-video-preview":"max-video-preview:-1"},"canonical":"https:\/\/marenundjan.de\/?page_id=14","og_locale":"de_DE","og_type":"article","og_title":"\u00dcber Uns - Maren &amp; Jan Teichmann","og_description":"Maren Teichmann Schon mit f\u00fcnf Jahren begann meine musikalische Reise. Von Blockfl\u00f6te ging es \u00fcber in Klarinette, Saxofon, Querfl\u00f6te und Klavier &#8211; bis ich in fr\u00fcher Jugend meine Liebe zum Gesang entdeckte.Seitdem sang und spielte ich in den verschiedensten Band- und Ensemble-Kombinationen und sammelte Erfahrungen in Genres von Oper und Operette bis hin zu Jazz, [&hellip;]","og_url":"https:\/\/marenundjan.de\/?page_id=14","og_site_name":"Maren &amp; Jan Teichmann","article_modified_time":"2023-09-01T17:22:33+00:00","og_image":[{"url":"http:\/\/marenundjan.de\/wp-content\/uploads\/2023\/08\/DSC_4958-647x1024.jpg"}],"twitter_card":"summary_large_image","twitter_misc":{"Gesch\u00e4tzte Lesezeit":"1\u00a0Minute"},"schema":{"@context":"https:\/\/schema.org","@graph":[{"@type":"WebPage","@id":"https:\/\/marenundjan.de\/?page_id=14","url":"https:\/\/marenundjan.de\/?page_id=14","name":"\u00dcber Uns - Maren &amp; Jan Teichmann","isPartOf":{"@id":"https:\/\/marenundjan.de\/#website"},"datePublished":"2023-08-30T16:10:12+00:00","dateModified":"2023-09-01T17:22:33+00:00","breadcrumb":{"@id":"https:\/\/marenundjan.de\/?page_id=14#breadcrumb"},"inLanguage":"de","potentialAction":[{"@type":"ReadAction","target":["https:\/\/marenundjan.de\/?page_id=14"]}]},{"@type":"BreadcrumbList","@id":"https:\/\/marenundjan.de\/?page_id=14#breadcrumb","itemListElement":[{"@type":"ListItem","position":1,"name":"Startseite","item":"https:\/\/marenundjan.de\/"},{"@type":"ListItem","position":2,"name":"\u00dcber Uns"}]},{"@type":"WebSite","@id":"https:\/\/marenundjan.de\/#website","url":"https:\/\/marenundjan.de\/","name":"Maren &amp; Jan Teichmann","description":"Musik f\u00fcr dein Event!","potentialAction":[{"@type":"SearchAction","target":{"@type":"EntryPoint","urlTemplate":"https:\/\/marenundjan.de\/?s={search_term_string}"},"query-input":"required name=search_term_string"}],"inLanguage":"de"}]}},"_links":{"self":[{"href":"https:\/\/marenundjan.de\/index.php?rest_route=\/wp\/v2\/pages\/14","targetHints":{"allow":["GET"]}}],"collection":[{"href":"https:\/\/marenundjan.de\/index.php?rest_route=\/wp\/v2\/pages"}],"about":[{"href":"https:\/\/marenundjan.de\/index.php?rest_route=\/wp\/v2\/types\/page"}],"author":[{"embeddable":true,"href":"https:\/\/marenundjan.de\/index.php?rest_route=\/wp\/v2\/users\/1"}],"replies":[{"embeddable":true,"href":"https:\/\/marenundjan.de\/index.php?rest_route=%2Fwp%2Fv2%2Fcomments&post=14"}],"version-history":[{"count":5,"href":"https:\/\/marenundjan.de\/index.php?rest_route=\/wp\/v2\/pages\/14\/revisions"}],"predecessor-version":[{"id":137,"href":"https:\/\/marenundjan.de\/index.php?rest_route=\/wp\/v2\/pages\/14\/revisions\/137"}],"wp:attachment":[{"href":"https:\/\/marenundjan.de\/index.php?rest_route=%2Fwp%2Fv2%2Fmedia&parent=14"}],"curies":[{"name":"wp","href":"https:\/\/api.w.org\/{rel}","templated":true}]}}